{"id":12065,"date":"2025-01-26T14:09:28","date_gmt":"2025-01-26T13:09:28","guid":{"rendered":"https:\/\/surtursschmiede.de\/?post_type=product&#038;p=12065"},"modified":"2026-01-27T18:05:26","modified_gmt":"2026-01-27T17:05:26","slug":"eleganter-wikinger-armreif","status":"publish","type":"product","link":"https:\/\/surtursschmiede.de\/en\/shop\/eleganter-wikinger-armreif\/","title":{"rendered":"Elegant Viking bracelet"},"content":{"rendered":"<p>Elegant handmade Viking bangle made of sterling silver with sterling silver end pieces (all versions).<br \/>\nThickness approx. 4.5mm.<br \/>\nThe size is adjustable by bending slightly, please choose a size!<br \/>\nThe bangle is available in three different materials and also with sterling silver decorative wire. Please select your desired material before purchasing.<\/p>","protected":false},"excerpt":{"rendered":"<p>Eleganter handgemachter Wikinger Armreif aus Sterlingsilber mit Endst\u00fccken aus Sterlingsilber (bei allen Ausf\u00fchrungen). Dicke ca. 4,5mm. Die Gr\u00f6\u00dfe ist durch leichtes Verbiegen verstellbar, bitte eine Gr\u00f6\u00dfe w\u00e4hlen! Der Armreif ist<\/p>","protected":false},"featured_media":12066,"comment_status":"open","ping_status":"closed","template":"","meta":[],"product_cat":[121],"product_tag":[],"class_list":{"0":"post-12065","1":"product","2":"type-product","3":"status-publish","4":"has-post-thumbnail","6":"product_cat-armringe-und-armreife","8":"first","9":"instock","10":"taxable","11":"shipping-taxable","12":"purchasable","13":"product-type-variable"},"aioseo_notices":[],"_links":{"self":[{"href":"https:\/\/surtursschmiede.de\/en\/wp-json\/wp\/v2\/product\/12065","targetHints":{"allow":["GET"]}}],"collection":[{"href":"https:\/\/surtursschmiede.de\/en\/wp-json\/wp\/v2\/product"}],"about":[{"href":"https:\/\/surtursschmiede.de\/en\/wp-json\/wp\/v2\/types\/product"}],"replies":[{"embeddable":true,"href":"https:\/\/surtursschmiede.de\/en\/wp-json\/wp\/v2\/comments?post=12065"}],"version-history":[{"count":0,"href":"https:\/\/surtursschmiede.de\/en\/wp-json\/wp\/v2\/product\/12065\/revisions"}],"wp:featuredmedia":[{"embeddable":true,"href":"https:\/\/surtursschmiede.de\/en\/wp-json\/wp\/v2\/media\/12066"}],"wp:attachment":[{"href":"https:\/\/surtursschmiede.de\/en\/wp-json\/wp\/v2\/media?parent=12065"}],"wp:term":[{"taxonomy":"product_cat","embeddable":true,"href":"https:\/\/surtursschmiede.de\/en\/wp-json\/wp\/v2\/product_cat?post=12065"},{"taxonomy":"product_tag","embeddable":true,"href":"https:\/\/surtursschmiede.de\/en\/wp-json\/wp\/v2\/product_tag?post=12065"}],"curies":[{"name":"wp","href":"https:\/\/api.w.org\/{rel}","templated":true}]}}