{"id":798,"date":"2023-11-22T19:33:30","date_gmt":"2023-11-22T19:33:30","guid":{"rendered":"https:\/\/surtursschmiede.de\/echtheit-von-bewertungen\/"},"modified":"2025-04-05T17:18:22","modified_gmt":"2025-04-05T16:18:22","slug":"echtheit-von-bewertungen","status":"publish","type":"page","link":"https:\/\/surtursschmiede.de\/en\/echtheit-von-bewertungen\/","title":{"rendered":"authenticity of reviews"},"content":{"rendered":"<div data-elementor-type=\"wp-page\" data-elementor-id=\"798\" class=\"elementor elementor-798\">\n\t\t\t\t<div class=\"elementor-element elementor-element-3d311e9 e-flex e-con-boxed e-con e-parent\" data-id=\"3d311e9\" data-element_type=\"container\" data-e-type=\"container\">\n\t\t\t\t\t<div class=\"e-con-inner\">\n\t\t\t\t<div class=\"elementor-element elementor-element-828449e elementor-widget elementor-widget-text-editor\" data-id=\"828449e\" data-element_type=\"widget\" data-e-type=\"widget\" data-widget_type=\"text-editor.default\">\n\t\t\t\t\t\t\t\t\t<p>Each consumer review is verified for authenticity before publication to ensure that reviews only come from consumers who have actually purchased\/used the products being reviewed.<\/p><p>The review takes place<\/p><ul><li>by manual verification in the form of a comparison of the rating with the order history of the merchandise management system in order to make a previous product purchase a necessary condition for publication.<\/li><li>by making the possibility of submitting a review dependent on prior registration in a registered customer account from which a purchase was made<\/li><\/ul>\t\t\t\t\t\t\t\t<\/div>\n\t\t\t\t\t<\/div>\n\t\t\t\t<\/div>\n\t\t\t\t<\/div>","protected":false},"excerpt":{"rendered":"<p>Jede Verbraucherbewertung wird vor ihrer Ver\u00f6ffentlichung auf ihre Echtheit \u00fcberpr\u00fcft, sodass sichergestellt ist, dass Bewertungen nur von Verbrauchern stammen, die die bewerteten Produkte auch tats\u00e4chlich erworben\/genutzt haben. Die \u00dcberpr\u00fcfung geschieht<\/p>","protected":false},"author":1,"featured_media":0,"parent":0,"menu_order":0,"comment_status":"closed","ping_status":"closed","template":"","meta":{"footnotes":""},"class_list":["post-798","page","type-page","status-publish","hentry"],"aioseo_notices":[],"_links":{"self":[{"href":"https:\/\/surtursschmiede.de\/en\/wp-json\/wp\/v2\/pages\/798","targetHints":{"allow":["GET"]}}],"collection":[{"href":"https:\/\/surtursschmiede.de\/en\/wp-json\/wp\/v2\/pages"}],"about":[{"href":"https:\/\/surtursschmiede.de\/en\/wp-json\/wp\/v2\/types\/page"}],"author":[{"embeddable":true,"href":"https:\/\/surtursschmiede.de\/en\/wp-json\/wp\/v2\/users\/1"}],"replies":[{"embeddable":true,"href":"https:\/\/surtursschmiede.de\/en\/wp-json\/wp\/v2\/comments?post=798"}],"version-history":[{"count":0,"href":"https:\/\/surtursschmiede.de\/en\/wp-json\/wp\/v2\/pages\/798\/revisions"}],"wp:attachment":[{"href":"https:\/\/surtursschmiede.de\/en\/wp-json\/wp\/v2\/media?parent=798"}],"curies":[{"name":"wp","href":"https:\/\/api.w.org\/{rel}","templated":true}]}}