{"id":795,"date":"2023-11-22T19:33:30","date_gmt":"2023-11-22T19:33:30","guid":{"rendered":"https:\/\/surtursschmiede.de\/versandarten\/"},"modified":"2025-10-22T14:58:02","modified_gmt":"2025-10-22T13:58:02","slug":"versandarten","status":"publish","type":"page","link":"https:\/\/surtursschmiede.de\/en\/versandarten\/","title":{"rendered":"Shipping"},"content":{"rendered":"<div data-elementor-type=\"wp-page\" data-elementor-id=\"795\" class=\"elementor elementor-795\">\n\t\t\t\t<div class=\"elementor-element elementor-element-b90b647 e-flex e-con-boxed e-con e-parent\" data-id=\"b90b647\" data-element_type=\"container\" data-e-type=\"container\">\n\t\t\t\t\t<div class=\"e-con-inner\">\n\t\t\t\t<div class=\"elementor-element elementor-element-e160a79 elementor-widget elementor-widget-text-editor\" data-id=\"e160a79\" data-element_type=\"widget\" data-e-type=\"widget\" data-widget_type=\"text-editor.default\">\n\t\t\t\t\t\t\t\t\t<h2>Shipping costs and information:<\/h2>\n<p>As standard, goods can only be shipped to the countries listed below. Depending on the size of your order, shipping will be via DHL or Deutsche Post. The shipping costs incurred in each case can be found in the table below.<\/p>\n<h3>I. Shipping within Germany:<\/h3>\n<p>We do not charge any shipping costs for shipments within mainland Germany and to German islands.<\/p>\n<p>The delivery time is 1-3 business days; exceptions are the responsibility of the shipping service provider.<\/p>\n<h3>II. Shipping outside Germany<\/h3>\n<p>We deliver to the following countries:<\/p>\n<p>Austria, Belgium, Bulgaria, Croatia, Cyprus, Czech Republic, Denmark, Estonia, Finland, France, Greece, Hungary, Ireland, Italy, Latvia, Lithuania, Luxembourg, Malta, Netherlands, Poland, Portugal, Romania, Slovakia, Slovenia, Spain, Sweden.<\/p>\n<p>The shipping costs to the EU are a flat rate of 7.20 euros per order.<\/p>\n<p>a. Shipping times for the respective EU countries:<\/p>\n<p>Belgium \u2013 2-4 working days<br data-start=\"135\" data-end=\"138\">Bulgaria \u2013 4-6 working days<br data-start=\"162\" data-end=\"165\" data-is-only-node=\"\">Denmark \u2013 2-4 working days<br data-start=\"188\" data-end=\"191\">Estonia \u2013 4-6 working days<br data-start=\"213\" data-end=\"216\">Finland \u2013 4-7 working days<br data-start=\"239\" data-end=\"242\">France \u2013 3-5 working days<br data-start=\"267\" data-end=\"270\">Greece \u2013 4-6 working days<br data-start=\"297\" data-end=\"300\">Ireland \u2013 4-6 working days<br data-start=\"321\" data-end=\"324\">Italy \u2013 3-5 working days<br data-start=\"346\" data-end=\"349\">Croatia \u2013 4-6 working days<br data-start=\"372\" data-end=\"375\">Latvia \u2013 4-6 working days<br data-start=\"398\" data-end=\"401\">Lithuania \u2013 4-6 working days<br data-start=\"423\" data-end=\"426\">Luxembourg \u2013 2-4 working days<br data-start=\"450\" data-end=\"453\">Malta \u2013 5-8 working days<br data-start=\"473\" data-end=\"476\">Netherlands \u2013 2-4 working days<br data-start=\"502\" data-end=\"505\">Austria \u2013 2-4 working days<br data-start=\"530\" data-end=\"533\">Poland \u2013 2-4 working days<br data-start=\"553\" data-end=\"556\">Portugal \u2013 4-6 working days<br data-start=\"579\" data-end=\"582\">Romania \u2013 4-6 working days<br data-start=\"605\" data-end=\"608\">Sweden \u2013 3-5 working days<br data-start=\"631\" data-end=\"634\">Slovakia \u2013 3-5 working days<br data-start=\"657\" data-end=\"660\">Slovenia \u2013 3-5 working days<br data-start=\"684\" data-end=\"687\">Spain \u2013 4-6 working days<br data-start=\"709\" data-end=\"712\">Czech Republic \u2013 2-4 working days<br data-start=\"737\" data-end=\"740\">Hungary \u2013 3-5 working days<br data-start=\"761\" data-end=\"764\">Cyprus \u2013 5-8 working days&nbsp;<\/p>\n<p>b. If you order several items from us in one order<br>For orders with different delivery times, we will ship<br>the goods in one shipment, unless we have agreed otherwise with you.<br>In this case, the shipment of goods shall be<br>total delivery time for the item in your order with the<br>longest delivery time applies.<\/p>\n<p>c. Information on calculating the delivery date<br>The delivery period begins on the day of payment in advance<br>after the payment order has been issued to the transferring credit institution<br>or in the case of other payment methods, on the day after the conclusion of the contract and<br>ends with the expiry of the last day of the period. If the last day<br>the deadline to a Saturday, Sunday or a day officially agreed at the place of delivery<br>recognized public holiday, such a holiday shall be replaced by<br>day the next working day.<\/p>\t\t\t\t\t\t\t\t<\/div>\n\t\t\t\t\t<\/div>\n\t\t\t\t<\/div>\n\t\t\t\t<\/div>","protected":false},"excerpt":{"rendered":"<p>Versandkosten und -informationen: Ein Versand der Ware ist standardm\u00e4\u00dfig nur in die unten aufgef\u00fchrten L\u00e4nder m\u00f6glich. Je nach Umfang Ihrer Bestellung erfolgt der Versand per DHL oder per Deutsche Post.<\/p>","protected":false},"author":1,"featured_media":0,"parent":0,"menu_order":0,"comment_status":"closed","ping_status":"closed","template":"","meta":{"footnotes":""},"class_list":["post-795","page","type-page","status-publish","hentry"],"aioseo_notices":[],"_links":{"self":[{"href":"https:\/\/surtursschmiede.de\/en\/wp-json\/wp\/v2\/pages\/795","targetHints":{"allow":["GET"]}}],"collection":[{"href":"https:\/\/surtursschmiede.de\/en\/wp-json\/wp\/v2\/pages"}],"about":[{"href":"https:\/\/surtursschmiede.de\/en\/wp-json\/wp\/v2\/types\/page"}],"author":[{"embeddable":true,"href":"https:\/\/surtursschmiede.de\/en\/wp-json\/wp\/v2\/users\/1"}],"replies":[{"embeddable":true,"href":"https:\/\/surtursschmiede.de\/en\/wp-json\/wp\/v2\/comments?post=795"}],"version-history":[{"count":0,"href":"https:\/\/surtursschmiede.de\/en\/wp-json\/wp\/v2\/pages\/795\/revisions"}],"wp:attachment":[{"href":"https:\/\/surtursschmiede.de\/en\/wp-json\/wp\/v2\/media?parent=795"}],"curies":[{"name":"wp","href":"https:\/\/api.w.org\/{rel}","templated":true}]}}