{"id":2213,"date":"2023-11-28T15:34:40","date_gmt":"2023-11-28T14:34:40","guid":{"rendered":"https:\/\/surtursschmiede.de\/?page_id=2213"},"modified":"2025-04-05T17:19:55","modified_gmt":"2025-04-05T16:19:55","slug":"ringmesser","status":"publish","type":"page","link":"https:\/\/surtursschmiede.de\/en\/ringmesser\/","title":{"rendered":"Ring gauge"},"content":{"rendered":"\t\t<div data-elementor-type=\"wp-page\" data-elementor-id=\"2213\" class=\"elementor elementor-2213\">\n\t\t\t\t<div class=\"elementor-element elementor-element-6aaf7d3 e-flex e-con-boxed e-con e-parent\" data-id=\"6aaf7d3\" data-element_type=\"container\" data-e-type=\"container\">\n\t\t\t\t\t<div class=\"e-con-inner\">\n\t\t\t\t<div class=\"elementor-element elementor-element-b4948ca elementor-widget elementor-widget-pls-heading\" data-id=\"b4948ca\" data-element_type=\"widget\" data-e-type=\"widget\" data-widget_type=\"pls-heading.default\">\n\t\t\t\t<div class=\"elementor-widget-container\">\n\t\t\t\t\t<div id=\"pls-header-72599\" class=\"pls-element pls-heading pls-text-center separator-none\">\t\n\t\t\t\n\t\t\t<div class=\"heading-wrap\">\n\t\t\t<span class=\"separator-left\"><\/span>\n\t\t\t<h2 class=\"heading-title\">Hier k\u00f6nnt ihr euch einen kostenlosen Ringmesser bestellen !<\/h2>\t\t\t<span class=\"separator-right\"><\/span>\n\t\t\t\t\t<\/div>\n\t\t\n    <\/div>\t\t\t\t<\/div>\n\t\t\t\t<\/div>\n\t\t\t\t<div class=\"elementor-element elementor-element-2973d62 elementor-widget elementor-widget-spacer\" data-id=\"2973d62\" data-element_type=\"widget\" data-e-type=\"widget\" data-widget_type=\"spacer.default\">\n\t\t\t\t\t\t\t<div class=\"elementor-spacer\">\n\t\t\t<div class=\"elementor-spacer-inner\"><\/div>\n\t\t<\/div>\n\t\t\t\t\t\t<\/div>\n\t\t\t\t\t<\/div>\n\t\t\t\t<\/div>\n\t\t<div class=\"elementor-element elementor-element-6d070cb e-flex e-con-boxed e-con e-parent\" data-id=\"6d070cb\" data-element_type=\"container\" data-e-type=\"container\">\n\t\t\t\t\t<div class=\"e-con-inner\">\n\t\t\t\t<div class=\"elementor-element elementor-element-f2cf5f2 elementor-widget elementor-widget-image\" data-id=\"f2cf5f2\" data-element_type=\"widget\" data-e-type=\"widget\" data-widget_type=\"image.default\">\n\t\t\t\t\t\t\t\t\t\t\t\t\t\t\t<img fetchpriority=\"high\" decoding=\"async\" width=\"864\" height=\"576\" src=\"https:\/\/surtursschmiede.de\/wp-content\/uploads\/2024\/03\/IMG_7991-864x576.jpg\" class=\"attachment-large size-large wp-image-6915\" alt=\"Ringmesser bestellen\" srcset=\"https:\/\/surtursschmiede.de\/wp-content\/uploads\/2024\/03\/IMG_7991-864x576.jpg 864w, https:\/\/surtursschmiede.de\/wp-content\/uploads\/2024\/03\/IMG_7991-scaled-800x533.jpg 800w, https:\/\/surtursschmiede.de\/wp-content\/uploads\/2024\/03\/IMG_7991-480x320.jpg 480w, https:\/\/surtursschmiede.de\/wp-content\/uploads\/2024\/03\/IMG_7991-768x512.jpg 768w, https:\/\/surtursschmiede.de\/wp-content\/uploads\/2024\/03\/IMG_7991-1536x1024.jpg 1536w, https:\/\/surtursschmiede.de\/wp-content\/uploads\/2024\/03\/IMG_7991-2048x1365.jpg 2048w, https:\/\/surtursschmiede.de\/wp-content\/uploads\/2024\/03\/IMG_7991-18x12.jpg 18w\" sizes=\"(max-width: 864px) 100vw, 864px\" \/>\t\t\t\t\t\t\t\t\t\t\t\t\t\t\t<\/div>\n\t\t\t\t<div class=\"elementor-element elementor-element-c955e6b elementor-widget elementor-widget-wpforms\" data-id=\"c955e6b\" data-element_type=\"widget\" data-e-type=\"widget\" data-widget_type=\"wpforms.default\">\n\t\t\t\t<div class=\"elementor-widget-container\">\n\t\t\t\t\t<div class=\"wpforms-container wpforms-container-full datencheck wpforms-render-modern\" id=\"wpforms-2217\"><form id=\"wpforms-form-2217\" class=\"wpforms-validate wpforms-form wpforms-ajax-form\" data-formid=\"2217\" method=\"post\" enctype=\"multipart\/form-data\" action=\"\/en\/wp-json\/wp\/v2\/pages\/2213\" data-token=\"feeae5a550a0fefa8e8817d4fd03233b\" data-token-time=\"1775859757\"><noscript class=\"wpforms-error-noscript\">Please enable JavaScript in your browser to complete this form.<\/noscript><div id=\"wpforms-error-noscript\" style=\"display: none;\">Please enable JavaScript in your browser to complete this form.<\/div><div class=\"wpforms-field-container\"><div id=\"wpforms-2217-field_0-container\" class=\"wpforms-field wpforms-field-name\" data-field-id=\"0\"><fieldset><legend class=\"wpforms-field-label\">Name<\/legend><div class=\"wpforms-field-row wpforms-field-medium\"><div class=\"wpforms-field-row-block wpforms-first wpforms-one-half\"><input type=\"text\" id=\"wpforms-2217-field_0\" class=\"wpforms-field-name-first\" name=\"wpforms[fields][0][first]\" aria-errormessage=\"wpforms-2217-field_0-error\" ><label for=\"wpforms-2217-field_0\" class=\"wpforms-field-sublabel after\">First<\/label><\/div><div class=\"wpforms-field-row-block wpforms-one-half\"><input type=\"text\" id=\"wpforms-2217-field_0-last\" class=\"wpforms-field-name-last\" name=\"wpforms[fields][0][last]\" aria-errormessage=\"wpforms-2217-field_0-last-error\" ><label for=\"wpforms-2217-field_0-last\" class=\"wpforms-field-sublabel after\">Last<\/label><\/div><\/div><\/fieldset><\/div><div id=\"wpforms-2217-field_2-container\" class=\"wpforms-field wpforms-field-textarea\" data-field-id=\"2\"><label class=\"wpforms-field-label\" for=\"wpforms-2217-field_2\">Adresse: <span class=\"wpforms-required-label\" aria-hidden=\"true\">*<\/span><\/label><textarea id=\"wpforms-2217-field_2\" class=\"wpforms-field-medium wpforms-field-required\" name=\"wpforms[fields][2]\" aria-errormessage=\"wpforms-2217-field_2-error\" required><\/textarea><\/div><div id=\"wpforms-2217-field_3-container\" class=\"wpforms-field wpforms-field-checkbox\" data-field-id=\"3\"><fieldset><legend class=\"wpforms-field-label wpforms-label-hide\" aria-hidden=\"false\">Checkboxen <span class=\"wpforms-required-label\" aria-hidden=\"true\">*<\/span><\/legend><ul id=\"wpforms-2217-field_3\" class=\"wpforms-field-required\"><li class=\"choice-1 depth-1\"><input type=\"checkbox\" id=\"wpforms-2217-field_3_1\" name=\"wpforms[fields][3][]\" value=\"Ich akzeptiere die &lt;a href=&quot;\/datenschutz&quot; target=&quot;_blank&quot;&gt;Datenschutzerkl\u00e4rung&lt;\/a&gt;.\" aria-errormessage=\"wpforms-2217-field_3_1-error\" required ><label class=\"wpforms-field-label-inline\" for=\"wpforms-2217-field_3_1\">Ich akzeptiere die <a href=\"\/datenschutz\" target=\"_blank\">Datenschutzerkl\u00e4rung<\/a>.<\/label><\/li><\/ul><\/fieldset><\/div><\/div><!-- .wpforms-field-container --><div class=\"wpforms-recaptcha-container wpforms-is-turnstile\" ><div class=\"wpforms-turnstile\" data-sitekey=\"0x4AAAAAAAxcGie0IpHi_bJE\" data-action=\"FormID-2217\"><\/div><input type=\"text\" name=\"g-recaptcha-hidden\" class=\"wpforms-recaptcha-hidden\" style=\"position:absolute!important;clip:rect(0,0,0,0)!important;height:1px!important;width:1px!important;border:0!important;overflow:hidden!important;padding:0!important;margin:0!important;\" data-rule-turnstile=\"1\"><\/div><div class=\"wpforms-submit-container\" ><input type=\"hidden\" name=\"wpforms[id]\" value=\"2217\"><input type=\"hidden\" name=\"page_title\" value=\"\"><input type=\"hidden\" name=\"page_url\" value=\"https:\/\/surtursschmiede.de\/en\/wp-json\/wp\/v2\/pages\/2213\"><input type=\"hidden\" name=\"url_referer\" value=\"\"><button type=\"submit\" name=\"wpforms[submit]\" id=\"wpforms-submit-2217\" class=\"wpforms-submit formbutton\" data-alt-text=\"Wird gesendet\u00a0\u2026\" data-submit-text=\"Absenden\" aria-live=\"assertive\" value=\"wpforms-submit\">Absenden<\/button><img decoding=\"async\" src=\"https:\/\/surtursschmiede.de\/wp-content\/plugins\/wpforms-lite\/assets\/images\/submit-spin.svg\" class=\"wpforms-submit-spinner\" style=\"display: none;\" width=\"26\" height=\"26\" alt=\"Loading\"><\/div><\/form><\/div>  <!-- .wpforms-container -->\t\t\t\t<\/div>\n\t\t\t\t<\/div>\n\t\t\t\t\t<\/div>\n\t\t\t\t<\/div>\n\t\t<div class=\"elementor-element elementor-element-4f1ecfb e-flex e-con-boxed e-con e-parent\" data-id=\"4f1ecfb\" data-element_type=\"container\" data-e-type=\"container\">\n\t\t\t\t\t<div class=\"e-con-inner\">\n\t\t\t\t<div class=\"elementor-element elementor-element-c9c2c5d elementor-widget elementor-widget-text-editor\" data-id=\"c9c2c5d\" data-element_type=\"widget\" data-e-type=\"widget\" data-widget_type=\"text-editor.default\">\n\t\t\t\t\t\t\t\t\t<p>\u00a0<\/p><p>Ein Ringmesser ist ein unverzichtbares Werkzeug, um die richtige Gr\u00f6\u00dfe f\u00fcr euren perfekten Ring zu finden. Mit meinem kostenlosen Ringmesser k\u00f6nnt ihr ganz einfach eure Ringgr\u00f6\u00dfe zu Hause bestimmen, ohne den Stress und die Unsicherheit, die mit dem Messen im Schmuckgesch\u00e4ft verbunden sein k\u00f6nnen.<\/p><p>Legt einfach den Ringmesser um euren Finger und lest die Markierung ab, um die passende Ringgr\u00f6\u00dfe zu ermitteln. Auf diese Weise k\u00f6nnt ihr sicher sein, dass euer neuer Ring perfekt passt und bequem zu tragen ist.<\/p><p>Bestellt euch noch heute euren kostenlosen Ringmesser und erleichtert euch die Suche nach eurer Ringgr\u00f6\u00dfe. F\u00fcllt einfach das Formular oben aus, und ich schicke euch den Ringmesser kostenlos zu, damit ihr schon bald euren perfekten Ring bestellen k\u00f6nnt.<\/p><p>Falls ihr weitere Fragen habt oder Hilfe bei der Auswahl eurer Ringgr\u00f6\u00dfe ben\u00f6tigt, z\u00f6gert nicht, mich zu kontaktieren. Ich stehe euch gerne zur Verf\u00fcgung und unterst\u00fctze euch bei eurer Entscheidung.<\/p><h3>Vorteile:<\/h3><ul><li>Pr\u00e4zise und zuverl\u00e4ssige Messungen: Der Ringmesser ist darauf ausgelegt, genaue und zuverl\u00e4ssige Messungen zu liefern, damit ihr euch sicher sein k\u00f6nnt, dass euer neuer Ring perfekt passt. Vertraut auf die Pr\u00e4zision des Ringmessers, um eure Ringgr\u00f6\u00dfe mit Leichtigkeit zu ermitteln.<\/li><li>Ein Must-Have f\u00fcr Online-Shopper: Insbesondere f\u00fcr diejenigen, die online Schmuck bestellen, ist ein Ringmesser ein unverzichtbares Werkzeug. Anstatt sich auf ungenaue Gr\u00f6\u00dfenangaben zu verlassen, k\u00f6nnt ihr mit meinem kostenlosen Ringmesser die richtige Ringgr\u00f6\u00dfe ganz einfach selbst bestimmen.<\/li><li>Ideal f\u00fcr \u00dcberraschungsgeschenke: Wenn ihr einen Ring als \u00dcberraschungsgeschenk f\u00fcr einen geliebten Menschen kaufen m\u00f6chtet, ist es wichtig, die richtige Gr\u00f6\u00dfe zu kennen, um Entt\u00e4uschungen zu vermeiden. Mit meinem Ringmesser k\u00f6nnt ihr diskret die Ringgr\u00f6\u00dfe eures Partners ermitteln, ohne ihn oder sie um Hilfe bitten zu m\u00fcssen.<\/li><li>Universell einsetzbar: Unser Ringmesser ist f\u00fcr alle Fingergr\u00f6\u00dfen geeignet und kann f\u00fcr verschiedene Arten von Ringen verwendet werden, sei es ein zarter Verlobungsring oder ein massiver Statement-Ring. Mit seinem flexiblen und anpassbaren Design ist mein Ringmesser f\u00fcr jeden geeignet.<\/li><\/ul>\t\t\t\t\t\t\t\t<\/div>\n\t\t\t\t\t<\/div>\n\t\t\t\t<\/div>\n\t\t\t\t<\/div>\n\t\t","protected":false},"excerpt":{"rendered":"<p>You can order a free ring sizer here! Please enable JavaScript in your browser to complete this form.Please enable JavaScript in your browser to complete this form. Name First nameLast name<\/p>","protected":false},"author":1,"featured_media":0,"parent":0,"menu_order":0,"comment_status":"closed","ping_status":"closed","template":"","meta":{"footnotes":""},"class_list":["post-2213","page","type-page","status-publish","hentry"],"aioseo_notices":[],"_links":{"self":[{"href":"https:\/\/surtursschmiede.de\/en\/wp-json\/wp\/v2\/pages\/2213","targetHints":{"allow":["GET"]}}],"collection":[{"href":"https:\/\/surtursschmiede.de\/en\/wp-json\/wp\/v2\/pages"}],"about":[{"href":"https:\/\/surtursschmiede.de\/en\/wp-json\/wp\/v2\/types\/page"}],"author":[{"embeddable":true,"href":"https:\/\/surtursschmiede.de\/en\/wp-json\/wp\/v2\/users\/1"}],"replies":[{"embeddable":true,"href":"https:\/\/surtursschmiede.de\/en\/wp-json\/wp\/v2\/comments?post=2213"}],"version-history":[{"count":0,"href":"https:\/\/surtursschmiede.de\/en\/wp-json\/wp\/v2\/pages\/2213\/revisions"}],"wp:attachment":[{"href":"https:\/\/surtursschmiede.de\/en\/wp-json\/wp\/v2\/media?parent=2213"}],"curies":[{"name":"wp","href":"https:\/\/api.w.org\/{rel}","templated":true}]}}