{"id":118,"date":"2023-02-17T11:17:08","date_gmt":"2023-02-17T11:17:08","guid":{"rendered":"https:\/\/alukas.presslayouts.com\/dummy\/?page_id=118"},"modified":"2026-02-18T11:08:31","modified_gmt":"2026-02-18T10:08:31","slug":"kontakt","status":"publish","type":"page","link":"https:\/\/surtursschmiede.de\/en\/kontakt\/","title":{"rendered":"Contact"},"content":{"rendered":"\t\t<div data-elementor-type=\"wp-page\" data-elementor-id=\"118\" class=\"elementor elementor-118\">\n\t\t\t\t<div class=\"elementor-element elementor-element-45078e5 e-flex e-con-boxed e-con e-parent\" data-id=\"45078e5\" data-element_type=\"container\" data-e-type=\"container\">\n\t\t\t\t\t<div class=\"e-con-inner\">\n\t\t\t\t<div class=\"elementor-element elementor-element-1dc8671 elementor-widget__width-initial elementor-widget elementor-widget-heading\" data-id=\"1dc8671\" data-element_type=\"widget\" data-e-type=\"widget\" data-widget_type=\"heading.default\">\n\t\t\t\t\t<h2 class=\"elementor-heading-title elementor-size-default\">Du m\u00f6chtest ein besonderes Schmuckst\u00fcck in Auftrag geben<br>oder hast Fragen zu einem Produkt?<\/h2>\t\t\t\t<\/div>\n\t\t\t\t<div class=\"elementor-element elementor-element-fd191c9 elementor-widget elementor-widget-heading\" data-id=\"fd191c9\" data-element_type=\"widget\" data-e-type=\"widget\" data-widget_type=\"heading.default\">\n\t\t\t\t\t<h3 class=\"elementor-heading-title elementor-size-default\">Hier bist du richtig!<\/h3>\t\t\t\t<\/div>\n\t\t\t\t<div class=\"elementor-element elementor-element-f1cb7fb elementor-widget elementor-widget-text-editor\" data-id=\"f1cb7fb\" data-element_type=\"widget\" data-e-type=\"widget\" data-widget_type=\"text-editor.default\">\n\t\t\t\t\t\t\t\t\t<p>Ich freue mich \u00fcber dein Interesse an meiner Arbeit! Wenn du Fragen zu meinen handgefertigten Schmuckst\u00fccken hast oder eine individuelle Anfrage stellen m\u00f6chtest, bin ich gerne f\u00fcr dich da. Du kannst mich auf folgende Weise kontaktieren:<\/p><p><strong>Telefon:<\/strong> +49 176 62559269<br \/><strong>E-Mail:<\/strong> info(at)surtursschmiede.de<\/p><p>Falls du es bevorzugst, kannst du auch das Kontaktformular weiter unten nutzen. Ich werde mich pers\u00f6nlich um deine Anfrage k\u00fcmmern und mich so schnell wie m\u00f6glich bei dir melden.<\/p><p>Dein Feedback ist mir \u00e4u\u00dferst wichtig, da es mir hilft, meine Produkte und meinen Service kontinuierlich zu verbessern. Jede Anfrage wird von mir pers\u00f6nlich behandelt, und ich setze alles daran, dir ein erstklassiges Kundenerlebnis zu bieten.<\/p><p>Vielen Dank f\u00fcr dein Interesse an meiner Schmiedekunst. Ich freue mich darauf, von dir zu h\u00f6ren und dich bei deinem Anliegen zu unterst\u00fctzen.<\/p>\t\t\t\t\t\t\t\t<\/div>\n\t\t\t\t\t<\/div>\n\t\t\t\t<\/div>\n\t\t<div class=\"elementor-element elementor-element-266ffa1 kontaktcontainer e-flex e-con-boxed e-con e-parent\" data-id=\"266ffa1\" data-element_type=\"container\" data-e-type=\"container\">\n\t\t\t\t\t<div class=\"e-con-inner\">\n\t\t\t\t<div class=\"elementor-element elementor-element-45469d2 elementor-widget elementor-widget-wpforms\" data-id=\"45469d2\" data-element_type=\"widget\" data-e-type=\"widget\" data-widget_type=\"wpforms.default\">\n\t\t\t\t<div class=\"elementor-widget-container\">\n\t\t\t\t\t<div class=\"wpforms-container wpforms-container-full datencheck wpforms-render-modern\" id=\"wpforms-1064\"><form id=\"wpforms-form-1064\" class=\"wpforms-validate wpforms-form wpforms-ajax-form\" data-formid=\"1064\" method=\"post\" enctype=\"multipart\/form-data\" action=\"\/en\/wp-json\/wp\/v2\/pages\/118\" data-token=\"a5e9cc40c01bcebe0cce8b57e95738a0\" data-token-time=\"1775859687\"><noscript class=\"wpforms-error-noscript\">Please enable JavaScript in your browser to complete this form.<\/noscript><div id=\"wpforms-error-noscript\" style=\"display: none;\">Please enable JavaScript in your browser to complete this form.<\/div><div class=\"wpforms-field-container\"><div id=\"wpforms-1064-field_0-container\" class=\"wpforms-field wpforms-field-name\" data-field-id=\"0\"><fieldset><legend class=\"wpforms-field-label\">Name<\/legend><div class=\"wpforms-field-row wpforms-field-medium\"><div class=\"wpforms-field-row-block wpforms-first wpforms-one-half\"><input type=\"text\" id=\"wpforms-1064-field_0\" class=\"wpforms-field-name-first\" name=\"wpforms[fields][0][first]\" aria-errormessage=\"wpforms-1064-field_0-error\" ><label for=\"wpforms-1064-field_0\" class=\"wpforms-field-sublabel after\">First<\/label><\/div><div class=\"wpforms-field-row-block wpforms-one-half\"><input type=\"text\" id=\"wpforms-1064-field_0-last\" class=\"wpforms-field-name-last\" name=\"wpforms[fields][0][last]\" aria-errormessage=\"wpforms-1064-field_0-last-error\" ><label for=\"wpforms-1064-field_0-last\" class=\"wpforms-field-sublabel after\">Last<\/label><\/div><\/div><\/fieldset><\/div><div id=\"wpforms-1064-field_1-container\" class=\"wpforms-field wpforms-field-email\" data-field-id=\"1\"><label class=\"wpforms-field-label\" for=\"wpforms-1064-field_1\">E-Mail-Adresse <span class=\"wpforms-required-label\" aria-hidden=\"true\">*<\/span><\/label><input type=\"email\" id=\"wpforms-1064-field_1\" class=\"wpforms-field-medium wpforms-field-required\" name=\"wpforms[fields][1]\" spellcheck=\"false\" aria-errormessage=\"wpforms-1064-field_1-error\" required><\/div><div id=\"wpforms-1064-field_4-container\" class=\"wpforms-field wpforms-field-text\" data-field-id=\"4\"><label class=\"wpforms-field-label\" for=\"wpforms-1064-field_4\">Betreff<\/label><input type=\"text\" id=\"wpforms-1064-field_4\" class=\"wpforms-field-medium\" name=\"wpforms[fields][4]\" aria-errormessage=\"wpforms-1064-field_4-error\" ><\/div><div id=\"wpforms-1064-field_2-container\" class=\"wpforms-field wpforms-field-textarea\" data-field-id=\"2\"><label class=\"wpforms-field-label\" for=\"wpforms-1064-field_2\">Kommentar oder Nachricht <span class=\"wpforms-required-label\" aria-hidden=\"true\">*<\/span><\/label><textarea id=\"wpforms-1064-field_2\" class=\"wpforms-field-medium wpforms-field-required\" name=\"wpforms[fields][2]\" aria-errormessage=\"wpforms-1064-field_2-error\" required><\/textarea><\/div><div id=\"wpforms-1064-field_3-container\" class=\"wpforms-field wpforms-field-checkbox\" data-field-id=\"3\"><fieldset><legend class=\"wpforms-field-label wpforms-label-hide\" aria-hidden=\"false\">Checkboxen <span class=\"wpforms-required-label\" aria-hidden=\"true\">*<\/span><\/legend><ul id=\"wpforms-1064-field_3\" class=\"wpforms-field-required\"><li class=\"choice-1 depth-1\"><input type=\"checkbox\" id=\"wpforms-1064-field_3_1\" name=\"wpforms[fields][3][]\" value=\"Ich akzeptiere die &lt;a target=&quot;_blank&quot; href=&quot;\/datenschutz&quot;&gt;Datenschutzerkl\u00e4rung&lt;\/a&gt;.\" aria-errormessage=\"wpforms-1064-field_3_1-error\" required ><label class=\"wpforms-field-label-inline\" for=\"wpforms-1064-field_3_1\">Ich akzeptiere die <a target=\"_blank\" href=\"\/datenschutz\">Datenschutzerkl\u00e4rung<\/a>.<\/label><\/li><\/ul><\/fieldset><\/div><\/div><!-- .wpforms-field-container --><div class=\"wpforms-recaptcha-container wpforms-is-turnstile\" ><div class=\"wpforms-turnstile\" data-sitekey=\"0x4AAAAAAAxcGie0IpHi_bJE\" data-action=\"FormID-1064\"><\/div><input type=\"text\" name=\"g-recaptcha-hidden\" class=\"wpforms-recaptcha-hidden\" style=\"position:absolute!important;clip:rect(0,0,0,0)!important;height:1px!important;width:1px!important;border:0!important;overflow:hidden!important;padding:0!important;margin:0!important;\" data-rule-turnstile=\"1\"><\/div><div class=\"wpforms-submit-container\" ><input type=\"hidden\" name=\"wpforms[id]\" value=\"1064\"><input type=\"hidden\" name=\"page_title\" value=\"\"><input type=\"hidden\" name=\"page_url\" value=\"https:\/\/surtursschmiede.de\/en\/wp-json\/wp\/v2\/pages\/118\"><input type=\"hidden\" name=\"url_referer\" value=\"\"><button type=\"submit\" name=\"wpforms[submit]\" id=\"wpforms-submit-1064\" class=\"wpforms-submit formbutton\" data-alt-text=\"Wird gesendet\u00a0\u2026\" data-submit-text=\"Absenden\" aria-live=\"assertive\" value=\"wpforms-submit\">Absenden<\/button><img decoding=\"async\" src=\"https:\/\/surtursschmiede.de\/wp-content\/plugins\/wpforms-lite\/assets\/images\/submit-spin.svg\" class=\"wpforms-submit-spinner\" style=\"display: none;\" width=\"26\" height=\"26\" alt=\"Loading\"><\/div><\/form><\/div>  <!-- .wpforms-container -->\t\t\t\t<\/div>\n\t\t\t\t<\/div>\n\t\t\t\t\t<\/div>\n\t\t\t\t<\/div>\n\t\t<div class=\"elementor-element elementor-element-e0b66ac e-flex e-con-boxed e-con e-parent\" data-id=\"e0b66ac\" data-element_type=\"container\" data-e-type=\"container\">\n\t\t\t\t\t<div class=\"e-con-inner\">\n\t\t\t\t<div class=\"elementor-element elementor-element-ac30e05 elementor-widget elementor-widget-text-editor\" data-id=\"ac30e05\" data-element_type=\"widget\" data-e-type=\"widget\" data-widget_type=\"text-editor.default\">\n\t\t\t\t\t\t\t\t\t<p><strong>Bleib mit mir in Verbindung<\/strong><\/p><p>Vielen Dank, dass du dich f\u00fcr meine handgefertigten Schmuckst\u00fccke interessierst. Ich freue mich darauf, von dir zu h\u00f6ren und dir bei deinen Fragen oder Anliegen behilflich zu sein. Bitte z\u00f6gere nicht, das Kontaktformular oben zu nutzen, um mir eine Nachricht zu senden.<\/p><p><strong>Schau dir meine Arbeit an<\/strong><\/p><p>Wenn du mehr \u00fcber meine Schmiedekunst erfahren m\u00f6chtest, lade ich dich herzlich ein, meinen <a href=\"https:\/\/www.youtube.com\/@surtursschmiede426\" target=\"_blank\" rel=\"noopener\">YouTube-Kanal<\/a> zu besuchen. Dort kannst du Videos \u00fcber meine Schmiedetechniken, kreative Prozesse und Einblicke in meine Werkstatt finden. Abonniere meinen Kanal, um keine neuen Videos zu verpassen und Teil meiner wachsenden Community zu werden.<\/p><p><strong>Folge mir auf Social Media<\/strong><\/p><p>Bleibe auf dem Laufenden \u00fcber meine neuesten Arbeiten, Aktionen und Veranstaltungen, indem du mir auf meinen Social-Media-Plattformen folgst. Finde mich auf <a href=\"https:\/\/www.instagram.com\/surtursschmiede\" target=\"_blank\" rel=\"noopener\">Instagram<\/a>, <a href=\"https:\/\/www.facebook.com\/SurtursSchmiede\" target=\"_blank\" rel=\"noopener\">Facebook<\/a> und <a href=\"https:\/\/www.youtube.com\/@surtursschmiede426\" target=\"_blank\" rel=\"noopener\">YouTube<\/a>, um exklusive Einblicke in meine Schmiedekunst zu erhalten.<\/p>\t\t\t\t\t\t\t\t<\/div>\n\t\t\t\t\t<\/div>\n\t\t\t\t<\/div>\n\t\t\t\t<\/div>\n\t\t","protected":false},"excerpt":{"rendered":"<p>Du m\u00f6chtest ein besonderes Schmuckst\u00fcck in Auftrag gebenoder hast Fragen zu einem Produkt? Hier bist du richtig! Ich freue mich \u00fcber dein Interesse an meiner Arbeit! Wenn du Fragen zu<\/p>","protected":false},"author":1,"featured_media":0,"parent":0,"menu_order":0,"comment_status":"closed","ping_status":"closed","template":"","meta":{"footnotes":""},"class_list":["post-118","page","type-page","status-publish","hentry"],"aioseo_notices":[],"_links":{"self":[{"href":"https:\/\/surtursschmiede.de\/en\/wp-json\/wp\/v2\/pages\/118","targetHints":{"allow":["GET"]}}],"collection":[{"href":"https:\/\/surtursschmiede.de\/en\/wp-json\/wp\/v2\/pages"}],"about":[{"href":"https:\/\/surtursschmiede.de\/en\/wp-json\/wp\/v2\/types\/page"}],"author":[{"embeddable":true,"href":"https:\/\/surtursschmiede.de\/en\/wp-json\/wp\/v2\/users\/1"}],"replies":[{"embeddable":true,"href":"https:\/\/surtursschmiede.de\/en\/wp-json\/wp\/v2\/comments?post=118"}],"version-history":[{"count":0,"href":"https:\/\/surtursschmiede.de\/en\/wp-json\/wp\/v2\/pages\/118\/revisions"}],"wp:attachment":[{"href":"https:\/\/surtursschmiede.de\/en\/wp-json\/wp\/v2\/media?parent=118"}],"curies":[{"name":"wp","href":"https:\/\/api.w.org\/{rel}","templated":true}]}}